{"id":3026,"date":"2026-05-09T21:44:13","date_gmt":"2026-05-09T21:44:13","guid":{"rendered":"https:\/\/update.wallify.tn\/?post_type=product&#038;p=3026"},"modified":"2026-05-10T03:48:21","modified_gmt":"2026-05-10T03:48:21","slug":"tableau-machaallah","status":"publish","type":"product","link":"https:\/\/update.wallify.tn\/?product=tableau-machaallah","title":{"rendered":"Tableau Macha&rsquo;allah"},"content":{"rendered":"\t\t<div data-elementor-type=\"product-post\" data-elementor-id=\"3026\" class=\"elementor elementor-3026\" data-elementor-post-type=\"product\">\n\t\t\t\t<div class=\"elementor-element elementor-element-55b398b e-flex e-con-boxed e-con e-parent\" data-id=\"55b398b\" data-element_type=\"container\" data-e-type=\"container\">\n\t\t\t\t\t<div class=\"e-con-inner\">\n\t\t\t\t<div class=\"elementor-element elementor-element-6337365 elementor-widget elementor-widget-text-editor\" data-id=\"6337365\" data-element_type=\"widget\" data-e-type=\"widget\" data-widget_type=\"text-editor.default\">\n\t\t\t\t\t\t\t\t\t<h2>Sublimez votre int\u00e9rieur avec notre Tableau Bauhaus<div>\u00a0<p>Si vous \u00eates un passionn\u00e9 de d\u00e9coration int\u00e9rieure et un fervent admirateur du mouvement Bauhaus, vous allez adorer notre Tableau Bauhaus. Ce chef-d\u2019\u0153uvre offre un m\u00e9lange parfait d\u2019art et de fonctionnalit\u00e9, et repr\u00e9sente une v\u00e9ritable incarnation des principes de design de l\u2019\u00e9cole Bauhaus, qui a eu une influence majeure sur l\u2019art moderne et la d\u00e9coration int\u00e9rieure. L\u2019oeuvre \u00e9mane une \u00e9nergie vibrante avec sa palette de couleurs, rendant cette pi\u00e8ce id\u00e9ale pour \u00e9gayer n\u2019importe quelle pi\u00e8ce de votre maison.<p>L\u2019aspect g\u00e9om\u00e9trique du tableau apporte une touche de modernit\u00e9, tout en respectant l\u2019esth\u00e9tique minimaliste qui caract\u00e9rise le mouvement Bauhaus. Avec ce tableau, vous pouvez facilement apporter une touche d\u2019\u00e9l\u00e9gance moderne \u00e0 votre espace. Il ne s\u2019agit pas seulement d\u2019un simple tableau, mais d\u2019un v\u00e9ritable \u00e9l\u00e9ment de design qui peut transformer votre int\u00e9rieur et lui donner une identit\u00e9 unique.<p>Le Monde Des Tableaux est r\u00e9put\u00e9 pour offrir des tableaux de haute qualit\u00e9 et ce tableau Bauhaus ne fait pas exception. Il est r\u00e9alis\u00e9 avec une technique d\u2019impression premium de haute qualit\u00e9, assurant un rendu des couleurs et des d\u00e9tails pr\u00e9cis. De plus, il a subi un traitement anti-reflets pour assurer une parfaite visibilit\u00e9 sous tous les angles de vue. Vous pouvez l\u2019obtenir en plusieurs tailles, selon vos besoins et l\u2019espace dont vous disposez.<p>Quel que soit le style de votre int\u00e9rieur, ce tableau s\u2019adaptera parfaitement. Que vous ayez un int\u00e9rieur moderne ou classique, il trouvera sa place et apportera une touche d\u2019originalit\u00e9 \u00e0 votre d\u00e9coration. Enfin, nous nous engageons \u00e0 vous livrer rapidement et en toute s\u00e9curit\u00e9, pour que vous puissiez profiter de votre nouveau tableau le plus t\u00f4t possible.<div>\u00a0<h3>Caract\u00e9ristiques du tableau :<ul><li>Impression premium de haute qualit\u00e9<li>Rendu des couleurs et des d\u00e9tails pr\u00e9cis, traitement anti-reflets<li>Disponible en plusieurs tailles<li>Id\u00e9al pour tous les styles : que vous ayez un int\u00e9rieur moderne ou classique, nos posters s\u2019adaptent parfaitement !<li>Livraison rapide et s\u00e9curis\u00e9e<p>Ne manquez pas l\u2019occasion d\u2019apporter une touche de sophistication \u00e0 votre int\u00e9rieur avec notre Tableau Bauhaus. Il est plus qu\u2019un tableau, c\u2019est une v\u00e9ritable pi\u00e8ce de design qui peut transformer votre espace et le rendre unique. Commandez le v\u00f4tre d\u00e8s maintenant et laissez votre d\u00e9coration int\u00e9rieure faire une d\u00e9claration audacieuse.\t\t\t\t\t\t\t\t<\/div>\n\t\t\t\t\t<\/div>\n\t\t\t\t<\/div>\n\t\t\t\t<\/div>\n\t\t","protected":false},"excerpt":{"rendered":"<ul>\n<li>Impression premium de haute qualit\u00e9<\/li>\n<li>Rendu des couleurs et des d\u00e9tails pr\u00e9cis, traitement anti-reflets<\/li>\n<li>Vitrage<\/li>\n<li>Id\u00e9al pour tous les styles : que vous ayez un int\u00e9rieur moderne ou classique, nos posters s&rsquo;adaptent parfaitement !<\/li>\n<li>Livraison rapide et s\u00e9curis\u00e9e<\/li>\n<\/ul>\n","protected":false},"featured_media":3036,"template":"","meta":[],"product_brand":[],"product_cat":[67,66,25],"product_tag":[],"class_list":{"0":"post-3026","1":"product","2":"type-product","3":"status-publish","4":"has-post-thumbnail","6":"product_cat-calligraphie","7":"product_cat-design-arabe","8":"product_cat-earrings","10":"first","11":"instock","12":"shipping-taxable","13":"purchasable","14":"product-type-variable"},"_links":{"self":[{"href":"https:\/\/update.wallify.tn\/index.php?rest_route=\/wp\/v2\/product\/3026","targetHints":{"allow":["GET"]}}],"collection":[{"href":"https:\/\/update.wallify.tn\/index.php?rest_route=\/wp\/v2\/product"}],"about":[{"href":"https:\/\/update.wallify.tn\/index.php?rest_route=\/wp\/v2\/types\/product"}],"wp:featuredmedia":[{"embeddable":true,"href":"https:\/\/update.wallify.tn\/index.php?rest_route=\/wp\/v2\/media\/3036"}],"wp:attachment":[{"href":"https:\/\/update.wallify.tn\/index.php?rest_route=%2Fwp%2Fv2%2Fmedia&parent=3026"}],"wp:term":[{"taxonomy":"product_brand","embeddable":true,"href":"https:\/\/update.wallify.tn\/index.php?rest_route=%2Fwp%2Fv2%2Fproduct_brand&post=3026"},{"taxonomy":"product_cat","embeddable":true,"href":"https:\/\/update.wallify.tn\/index.php?rest_route=%2Fwp%2Fv2%2Fproduct_cat&post=3026"},{"taxonomy":"product_tag","embeddable":true,"href":"https:\/\/update.wallify.tn\/index.php?rest_route=%2Fwp%2Fv2%2Fproduct_tag&post=3026"}],"curies":[{"name":"wp","href":"https:\/\/api.w.org\/{rel}","templated":true}]}}